{"id":562,"date":"2026-02-21T06:12:03","date_gmt":"2026-02-21T06:12:03","guid":{"rendered":"https:\/\/lisa-pam.com\/?post_type=product&#038;p=562"},"modified":"2026-02-21T06:40:22","modified_gmt":"2026-02-21T06:40:22","slug":"lisa-pam-piege-a-moustique","status":"publish","type":"product","link":"https:\/\/lisa-pam.com\/index.php\/product\/lisa-pam-piege-a-moustique\/","title":{"rendered":"LISA-PAM Pi\u00e8ge \u00e0 moustique"},"content":{"rendered":"<p>Lisa PAM<\/p>\n<p>Efficace ! Ecologique et Connect\u00e9e<\/p>\n<p>La Lisa-Pam est optimis\u00e9e pour attirer et capturer les moustiques gr\u00e2ce \u00e0 dispositif complet de plusieurs facteurs d\u2019attraction.<\/p>\n<p><b>Stimuler <\/b><b>et <\/b><b>tromper les moustiques pour <\/b><b>les <\/b><b>capturer<\/b><\/p>\n<p>-Diffusion du leurre olfactif Lisa-Attract<\/p>\n<p>Id\u00e9al pour vos ext\u00e9rieurs : balcon, terrasse, jardin, piscine<\/p>\n<p><b>R\u00e9duction de plus de 80% la population de moustique sur une superficie <\/b><b>100 m2<\/b><\/p>\n","protected":false},"excerpt":{"rendered":"<p>Lisa PAM Efficace ! Ecologique et Connect\u00e9e La Lisa-Pam est optimis\u00e9e pour attirer et capturer les moustiques gr\u00e2ce \u00e0 dispositif complet de plusieurs facteurs d\u2019attraction. Stimuler et tromper les moustiques pour les capturer -Diffusion du leurre olfactif Lisa-Attract Id\u00e9al pour vos ext\u00e9rieurs : balcon, terrasse, jardin, piscine R\u00e9duction de plus de 80% la population de [&hellip;]<\/p>\n","protected":false},"featured_media":566,"comment_status":"open","ping_status":"closed","template":"","meta":{"_regular_price":["250"],"currency_symbol":[]},"product_brand":[],"product_cat":[31],"product_tag":[],"class_list":{"0":"post-562","1":"product","2":"type-product","3":"status-publish","4":"has-post-thumbnail","6":"product_cat-popular-products","8":"first","9":"instock","10":"sale","11":"shipping-taxable","12":"purchasable","13":"product-type-simple"},"post_slider_layout_featured_media_urls":{"thumbnail":["https:\/\/lisa-pam.com\/wp-content\/uploads\/2026\/02\/Lisa-pam-piege-a-moustiques-150x150.png",150,150,true],"post_slider_layout_landscape_large":["https:\/\/lisa-pam.com\/wp-content\/uploads\/2026\/02\/Lisa-pam-piege-a-moustiques.png",270,300,false],"post_slider_layout_portrait_large":["https:\/\/lisa-pam.com\/wp-content\/uploads\/2026\/02\/Lisa-pam-piege-a-moustiques.png",270,300,false],"post_slider_layout_square_large":["https:\/\/lisa-pam.com\/wp-content\/uploads\/2026\/02\/Lisa-pam-piege-a-moustiques.png",270,300,false],"post_slider_layout_landscape":["https:\/\/lisa-pam.com\/wp-content\/uploads\/2026\/02\/Lisa-pam-piege-a-moustiques.png",270,300,false],"post_slider_layout_portrait":["https:\/\/lisa-pam.com\/wp-content\/uploads\/2026\/02\/Lisa-pam-piege-a-moustiques.png",270,300,false],"post_slider_layout_square":["https:\/\/lisa-pam.com\/wp-content\/uploads\/2026\/02\/Lisa-pam-piege-a-moustiques.png",270,300,false],"full":["https:\/\/lisa-pam.com\/wp-content\/uploads\/2026\/02\/Lisa-pam-piege-a-moustiques.png",270,300,false]},"jetpack_sharing_enabled":true,"_links":{"self":[{"href":"https:\/\/lisa-pam.com\/index.php\/wp-json\/wp\/v2\/product\/562","targetHints":{"allow":["GET"]}}],"collection":[{"href":"https:\/\/lisa-pam.com\/index.php\/wp-json\/wp\/v2\/product"}],"about":[{"href":"https:\/\/lisa-pam.com\/index.php\/wp-json\/wp\/v2\/types\/product"}],"replies":[{"embeddable":true,"href":"https:\/\/lisa-pam.com\/index.php\/wp-json\/wp\/v2\/comments?post=562"}],"wp:featuredmedia":[{"embeddable":true,"href":"https:\/\/lisa-pam.com\/index.php\/wp-json\/wp\/v2\/media\/566"}],"wp:attachment":[{"href":"https:\/\/lisa-pam.com\/index.php\/wp-json\/wp\/v2\/media?parent=562"}],"wp:term":[{"taxonomy":"product_brand","embeddable":true,"href":"https:\/\/lisa-pam.com\/index.php\/wp-json\/wp\/v2\/product_brand?post=562"},{"taxonomy":"product_cat","embeddable":true,"href":"https:\/\/lisa-pam.com\/index.php\/wp-json\/wp\/v2\/product_cat?post=562"},{"taxonomy":"product_tag","embeddable":true,"href":"https:\/\/lisa-pam.com\/index.php\/wp-json\/wp\/v2\/product_tag?post=562"}],"curies":[{"name":"wp","href":"https:\/\/api.w.org\/{rel}","templated":true}]}}